{"id":7915,"date":"2024-02-09T14:40:45","date_gmt":"2024-02-09T13:40:45","guid":{"rendered":"https:\/\/rinos.com\/klokkenluidersregeling\/"},"modified":"2024-10-11T10:35:27","modified_gmt":"2024-10-11T08:35:27","slug":"whistleblower-system","status":"publish","type":"page","link":"https:\/\/rinos.com\/de\/whistleblower-system\/","title":{"rendered":"Whistleblower-System"},"content":{"rendered":"\n<p>Rinos gibt sowohl seinen eigenen Mitarbeitern als auch Dritten die M\u00f6glichkeit, Missbr\u00e4uche und Verst\u00f6\u00dfe gegen EU-Recht zu melden. F\u00fcr unsere Mitarbeiter gilt eine interne Regelung, die allen Mitarbeitern kommuniziert wurde.<\/p>\n\n\n\n<p>Dritte haben die M\u00f6glichkeit, Missbr\u00e4uche und Verst\u00f6\u00dfe \u00fcber das untenstehende Kontaktformular zu melden. Diese Meldung kann je nach Wunsch anonym erfolgen oder nicht.<\/p>\n\n\n\n<p>Meldungen \u00fcber dieses Formular fallen unter das Whistleblower-Programm von Rinos und werden gem\u00e4\u00df den gesetzlichen Bestimmungen vertraulich behandelt.<\/p>\n","protected":false},"excerpt":{"rendered":"<p>Rinos gibt sowohl seinen eigenen Mitarbeitern als auch Dritten die M\u00f6glichkeit, Missbr\u00e4uche und Verst\u00f6\u00dfe gegen EU-Recht zu melden. F\u00fcr unsere Mitarbeiter gilt eine interne Regelung, die allen Mitarbeitern kommuniziert wurde. Dritte haben die M\u00f6glichkeit, Missbr\u00e4uche und Verst\u00f6\u00dfe \u00fcber das untenstehende Kontaktformular zu melden. Diese Meldung kann je nach Wunsch anonym erfolgen oder nicht. Meldungen \u00fcber &hellip; <a href=\"https:\/\/rinos.com\/de\/whistleblower-system\/\">Continued<\/a><\/p>\n","protected":false},"author":2,"featured_media":0,"parent":0,"menu_order":0,"comment_status":"closed","ping_status":"closed","template":"views\/template-contact.blade.php","meta":{"_acf_changed":false,"footnotes":""},"class_list":["post-7915","page","type-page","status-publish","hentry"],"acf":[],"yoast_head":"<!-- This site is optimized with the Yoast SEO plugin v27.1.1 - https:\/\/yoast.com\/product\/yoast-seo-wordpress\/ -->\n<title>Whistleblower-System | Rinos<\/title>\n<meta name=\"robots\" content=\"index, follow, max-snippet:-1, max-image-preview:large, max-video-preview:-1\" \/>\n<link rel=\"canonical\" href=\"https:\/\/rinos.com\/de\/whistleblower-system\/\" \/>\n<meta property=\"og:locale\" content=\"de_DE\" \/>\n<meta property=\"og:type\" content=\"article\" \/>\n<meta property=\"og:title\" content=\"Whistleblower-System | Rinos\" \/>\n<meta property=\"og:description\" content=\"Rinos gibt sowohl seinen eigenen Mitarbeitern als auch Dritten die M\u00f6glichkeit, Missbr\u00e4uche und Verst\u00f6\u00dfe gegen EU-Recht zu melden. F\u00fcr unsere Mitarbeiter gilt eine interne Regelung, die allen Mitarbeitern kommuniziert wurde. Dritte haben die M\u00f6glichkeit, Missbr\u00e4uche und Verst\u00f6\u00dfe \u00fcber das untenstehende Kontaktformular zu melden. Diese Meldung kann je nach Wunsch anonym erfolgen oder nicht. Meldungen \u00fcber &hellip; Continued\" \/>\n<meta property=\"og:url\" content=\"https:\/\/rinos.com\/de\/whistleblower-system\/\" \/>\n<meta property=\"og:site_name\" content=\"Rinos\" \/>\n<meta property=\"article:modified_time\" content=\"2024-10-11T08:35:27+00:00\" \/>\n<meta name=\"twitter:card\" content=\"summary_large_image\" \/>\n<meta name=\"twitter:label1\" content=\"Gesch\u00e4tzte Lesezeit\" \/>\n\t<meta name=\"twitter:data1\" content=\"1\u00a0Minute\" \/>\n<script type=\"application\/ld+json\" class=\"yoast-schema-graph\">{\"@context\":\"https:\/\/schema.org\",\"@graph\":[{\"@type\":\"WebPage\",\"@id\":\"https:\/\/rinos.com\/de\/whistleblower-system\/\",\"url\":\"https:\/\/rinos.com\/de\/whistleblower-system\/\",\"name\":\"Whistleblower-System | Rinos\",\"isPartOf\":{\"@id\":\"https:\/\/rinos.com\/de\/#website\"},\"datePublished\":\"2024-02-09T13:40:45+00:00\",\"dateModified\":\"2024-10-11T08:35:27+00:00\",\"breadcrumb\":{\"@id\":\"https:\/\/rinos.com\/de\/whistleblower-system\/#breadcrumb\"},\"inLanguage\":\"de\",\"potentialAction\":[{\"@type\":\"ReadAction\",\"target\":[\"https:\/\/rinos.com\/de\/whistleblower-system\/\"]}]},{\"@type\":\"BreadcrumbList\",\"@id\":\"https:\/\/rinos.com\/de\/whistleblower-system\/#breadcrumb\",\"itemListElement\":[{\"@type\":\"ListItem\",\"position\":1,\"name\":\"Home\",\"item\":\"https:\/\/rinos.com\/de\/\"},{\"@type\":\"ListItem\",\"position\":2,\"name\":\"Whistleblower-System\"}]},{\"@type\":\"WebSite\",\"@id\":\"https:\/\/rinos.com\/de\/#website\",\"url\":\"https:\/\/rinos.com\/de\/\",\"name\":\"Rinos\",\"description\":\"Specialist manufacturer of entrance matting\",\"potentialAction\":[{\"@type\":\"SearchAction\",\"target\":{\"@type\":\"EntryPoint\",\"urlTemplate\":\"https:\/\/rinos.com\/de\/search\/{search_term_string}\"},\"query-input\":{\"@type\":\"PropertyValueSpecification\",\"valueRequired\":true,\"valueName\":\"search_term_string\"}}],\"inLanguage\":\"de\"}]}<\/script>\n<!-- \/ Yoast SEO plugin. -->","yoast_head_json":{"title":"Whistleblower-System | Rinos","robots":{"index":"index","follow":"follow","max-snippet":"max-snippet:-1","max-image-preview":"max-image-preview:large","max-video-preview":"max-video-preview:-1"},"canonical":"https:\/\/rinos.com\/de\/whistleblower-system\/","og_locale":"de_DE","og_type":"article","og_title":"Whistleblower-System | Rinos","og_description":"Rinos gibt sowohl seinen eigenen Mitarbeitern als auch Dritten die M\u00f6glichkeit, Missbr\u00e4uche und Verst\u00f6\u00dfe gegen EU-Recht zu melden. F\u00fcr unsere Mitarbeiter gilt eine interne Regelung, die allen Mitarbeitern kommuniziert wurde. Dritte haben die M\u00f6glichkeit, Missbr\u00e4uche und Verst\u00f6\u00dfe \u00fcber das untenstehende Kontaktformular zu melden. Diese Meldung kann je nach Wunsch anonym erfolgen oder nicht. Meldungen \u00fcber &hellip; Continued","og_url":"https:\/\/rinos.com\/de\/whistleblower-system\/","og_site_name":"Rinos","article_modified_time":"2024-10-11T08:35:27+00:00","twitter_card":"summary_large_image","twitter_misc":{"Gesch\u00e4tzte Lesezeit":"1\u00a0Minute"},"schema":{"@context":"https:\/\/schema.org","@graph":[{"@type":"WebPage","@id":"https:\/\/rinos.com\/de\/whistleblower-system\/","url":"https:\/\/rinos.com\/de\/whistleblower-system\/","name":"Whistleblower-System | Rinos","isPartOf":{"@id":"https:\/\/rinos.com\/de\/#website"},"datePublished":"2024-02-09T13:40:45+00:00","dateModified":"2024-10-11T08:35:27+00:00","breadcrumb":{"@id":"https:\/\/rinos.com\/de\/whistleblower-system\/#breadcrumb"},"inLanguage":"de","potentialAction":[{"@type":"ReadAction","target":["https:\/\/rinos.com\/de\/whistleblower-system\/"]}]},{"@type":"BreadcrumbList","@id":"https:\/\/rinos.com\/de\/whistleblower-system\/#breadcrumb","itemListElement":[{"@type":"ListItem","position":1,"name":"Home","item":"https:\/\/rinos.com\/de\/"},{"@type":"ListItem","position":2,"name":"Whistleblower-System"}]},{"@type":"WebSite","@id":"https:\/\/rinos.com\/de\/#website","url":"https:\/\/rinos.com\/de\/","name":"Rinos","description":"Specialist manufacturer of entrance matting","potentialAction":[{"@type":"SearchAction","target":{"@type":"EntryPoint","urlTemplate":"https:\/\/rinos.com\/de\/search\/{search_term_string}"},"query-input":{"@type":"PropertyValueSpecification","valueRequired":true,"valueName":"search_term_string"}}],"inLanguage":"de"}]}},"_links":{"self":[{"href":"https:\/\/rinos.com\/de\/wp-json\/wp\/v2\/pages\/7915","targetHints":{"allow":["GET"]}}],"collection":[{"href":"https:\/\/rinos.com\/de\/wp-json\/wp\/v2\/pages"}],"about":[{"href":"https:\/\/rinos.com\/de\/wp-json\/wp\/v2\/types\/page"}],"author":[{"embeddable":true,"href":"https:\/\/rinos.com\/de\/wp-json\/wp\/v2\/users\/2"}],"replies":[{"embeddable":true,"href":"https:\/\/rinos.com\/de\/wp-json\/wp\/v2\/comments?post=7915"}],"version-history":[{"count":4,"href":"https:\/\/rinos.com\/de\/wp-json\/wp\/v2\/pages\/7915\/revisions"}],"predecessor-version":[{"id":7926,"href":"https:\/\/rinos.com\/de\/wp-json\/wp\/v2\/pages\/7915\/revisions\/7926"}],"wp:attachment":[{"href":"https:\/\/rinos.com\/de\/wp-json\/wp\/v2\/media?parent=7915"}],"curies":[{"name":"wp","href":"https:\/\/api.w.org\/{rel}","templated":true}]}}