{"id":7482,"date":"2023-02-10T11:53:11","date_gmt":"2023-02-10T10:53:11","guid":{"rendered":"https:\/\/rinos.com\/coupon-service-zonder-voorraad\/"},"modified":"2025-05-13T11:47:57","modified_gmt":"2025-05-13T09:47:57","slug":"coupons-service-ohne-vorrat","status":"publish","type":"page","link":"https:\/\/rinos.com\/de\/coupons-service-ohne-vorrat\/","title":{"rendered":"Coupons: Service ohne Vorrat"},"content":{"rendered":"\n<p><\/p>\n\n\n\n<p><\/p>\n","protected":false},"excerpt":{"rendered":"","protected":false},"author":2,"featured_media":7437,"parent":0,"menu_order":0,"comment_status":"closed","ping_status":"closed","template":"","meta":{"_acf_changed":false,"footnotes":""},"class_list":["post-7482","page","type-page","status-publish","has-post-thumbnail","hentry"],"acf":[],"yoast_head":"<!-- This site is optimized with the Yoast SEO plugin v27.1.1 - https:\/\/yoast.com\/product\/yoast-seo-wordpress\/ -->\n<title>Coupons: Service ohne Vorrat | Rinos<\/title>\n<meta name=\"description\" content=\"Unser Coupon-Service hilft Gro\u00dfh\u00e4ndlern und H\u00e4ndlern, 32 Farben in 4 Qualit\u00e4ten zu liefern, ohne diese Matten selbst vorr\u00e4tig zu haben. Wir liefern Coupons zusammen mit bestehenden Bestellungen oder direkt \u00fcber UPS.\" \/>\n<meta name=\"robots\" content=\"index, follow, max-snippet:-1, max-image-preview:large, max-video-preview:-1\" \/>\n<link rel=\"canonical\" href=\"https:\/\/rinos.com\/de\/coupons-service-ohne-vorrat\/\" \/>\n<meta property=\"og:locale\" content=\"de_DE\" \/>\n<meta property=\"og:type\" content=\"article\" \/>\n<meta property=\"og:title\" content=\"Coupons: Service ohne Vorrat | Rinos\" \/>\n<meta property=\"og:description\" content=\"Unser Coupon-Service hilft Gro\u00dfh\u00e4ndlern und H\u00e4ndlern, 32 Farben in 4 Qualit\u00e4ten zu liefern, ohne diese Matten selbst vorr\u00e4tig zu haben. Wir liefern Coupons zusammen mit bestehenden Bestellungen oder direkt \u00fcber UPS.\" \/>\n<meta property=\"og:url\" content=\"https:\/\/rinos.com\/de\/coupons-service-ohne-vorrat\/\" \/>\n<meta property=\"og:site_name\" content=\"Rinos\" \/>\n<meta property=\"article:modified_time\" content=\"2025-05-13T09:47:57+00:00\" \/>\n<meta property=\"og:image\" content=\"https:\/\/rinos.com\/wp-content\/uploads\/2023\/02\/coupage_header-2.webp\" \/>\n\t<meta property=\"og:image:width\" content=\"2500\" \/>\n\t<meta property=\"og:image:height\" content=\"888\" \/>\n\t<meta property=\"og:image:type\" content=\"image\/webp\" \/>\n<meta name=\"twitter:card\" content=\"summary_large_image\" \/>\n<meta name=\"twitter:label1\" content=\"Gesch\u00e4tzte Lesezeit\" \/>\n\t<meta name=\"twitter:data1\" content=\"1\u00a0Minute\" \/>\n<script type=\"application\/ld+json\" class=\"yoast-schema-graph\">{\"@context\":\"https:\/\/schema.org\",\"@graph\":[{\"@type\":\"WebPage\",\"@id\":\"https:\/\/rinos.com\/de\/coupons-service-ohne-vorrat\/\",\"url\":\"https:\/\/rinos.com\/de\/coupons-service-ohne-vorrat\/\",\"name\":\"Coupons: Service ohne Vorrat | Rinos\",\"isPartOf\":{\"@id\":\"https:\/\/rinos.com\/de\/#website\"},\"primaryImageOfPage\":{\"@id\":\"https:\/\/rinos.com\/de\/coupons-service-ohne-vorrat\/#primaryimage\"},\"image\":{\"@id\":\"https:\/\/rinos.com\/de\/coupons-service-ohne-vorrat\/#primaryimage\"},\"thumbnailUrl\":\"\/wp-content\/uploads\/2023\/02\/coupage_header-2.webp\",\"datePublished\":\"2023-02-10T10:53:11+00:00\",\"dateModified\":\"2025-05-13T09:47:57+00:00\",\"description\":\"Unser Coupon-Service hilft Gro\u00dfh\u00e4ndlern und H\u00e4ndlern, 32 Farben in 4 Qualit\u00e4ten zu liefern, ohne diese Matten selbst vorr\u00e4tig zu haben. Wir liefern Coupons zusammen mit bestehenden Bestellungen oder direkt \u00fcber UPS.\",\"breadcrumb\":{\"@id\":\"https:\/\/rinos.com\/de\/coupons-service-ohne-vorrat\/#breadcrumb\"},\"inLanguage\":\"de\",\"potentialAction\":[{\"@type\":\"ReadAction\",\"target\":[\"https:\/\/rinos.com\/de\/coupons-service-ohne-vorrat\/\"]}]},{\"@type\":\"ImageObject\",\"inLanguage\":\"de\",\"@id\":\"https:\/\/rinos.com\/de\/coupons-service-ohne-vorrat\/#primaryimage\",\"url\":\"\/wp-content\/uploads\/2023\/02\/coupage_header-2.webp\",\"contentUrl\":\"\/wp-content\/uploads\/2023\/02\/coupage_header-2.webp\",\"width\":2500,\"height\":888},{\"@type\":\"BreadcrumbList\",\"@id\":\"https:\/\/rinos.com\/de\/coupons-service-ohne-vorrat\/#breadcrumb\",\"itemListElement\":[{\"@type\":\"ListItem\",\"position\":1,\"name\":\"Home\",\"item\":\"https:\/\/rinos.com\/de\/\"},{\"@type\":\"ListItem\",\"position\":2,\"name\":\"Coupons: Service ohne Vorrat\"}]},{\"@type\":\"WebSite\",\"@id\":\"https:\/\/rinos.com\/de\/#website\",\"url\":\"https:\/\/rinos.com\/de\/\",\"name\":\"Rinos\",\"description\":\"Specialist manufacturer of entrance matting\",\"potentialAction\":[{\"@type\":\"SearchAction\",\"target\":{\"@type\":\"EntryPoint\",\"urlTemplate\":\"https:\/\/rinos.com\/de\/search\/{search_term_string}\"},\"query-input\":{\"@type\":\"PropertyValueSpecification\",\"valueRequired\":true,\"valueName\":\"search_term_string\"}}],\"inLanguage\":\"de\"}]}<\/script>\n<!-- \/ Yoast SEO plugin. -->","yoast_head_json":{"title":"Coupons: Service ohne Vorrat | Rinos","description":"Unser Coupon-Service hilft Gro\u00dfh\u00e4ndlern und H\u00e4ndlern, 32 Farben in 4 Qualit\u00e4ten zu liefern, ohne diese Matten selbst vorr\u00e4tig zu haben. Wir liefern Coupons zusammen mit bestehenden Bestellungen oder direkt \u00fcber UPS.","robots":{"index":"index","follow":"follow","max-snippet":"max-snippet:-1","max-image-preview":"max-image-preview:large","max-video-preview":"max-video-preview:-1"},"canonical":"https:\/\/rinos.com\/de\/coupons-service-ohne-vorrat\/","og_locale":"de_DE","og_type":"article","og_title":"Coupons: Service ohne Vorrat | Rinos","og_description":"Unser Coupon-Service hilft Gro\u00dfh\u00e4ndlern und H\u00e4ndlern, 32 Farben in 4 Qualit\u00e4ten zu liefern, ohne diese Matten selbst vorr\u00e4tig zu haben. Wir liefern Coupons zusammen mit bestehenden Bestellungen oder direkt \u00fcber UPS.","og_url":"https:\/\/rinos.com\/de\/coupons-service-ohne-vorrat\/","og_site_name":"Rinos","article_modified_time":"2025-05-13T09:47:57+00:00","og_image":[{"width":2500,"height":888,"url":"https:\/\/rinos.com\/wp-content\/uploads\/2023\/02\/coupage_header-2.webp","type":"image\/webp"}],"twitter_card":"summary_large_image","twitter_misc":{"Gesch\u00e4tzte Lesezeit":"1\u00a0Minute"},"schema":{"@context":"https:\/\/schema.org","@graph":[{"@type":"WebPage","@id":"https:\/\/rinos.com\/de\/coupons-service-ohne-vorrat\/","url":"https:\/\/rinos.com\/de\/coupons-service-ohne-vorrat\/","name":"Coupons: Service ohne Vorrat | Rinos","isPartOf":{"@id":"https:\/\/rinos.com\/de\/#website"},"primaryImageOfPage":{"@id":"https:\/\/rinos.com\/de\/coupons-service-ohne-vorrat\/#primaryimage"},"image":{"@id":"https:\/\/rinos.com\/de\/coupons-service-ohne-vorrat\/#primaryimage"},"thumbnailUrl":"\/wp-content\/uploads\/2023\/02\/coupage_header-2.webp","datePublished":"2023-02-10T10:53:11+00:00","dateModified":"2025-05-13T09:47:57+00:00","description":"Unser Coupon-Service hilft Gro\u00dfh\u00e4ndlern und H\u00e4ndlern, 32 Farben in 4 Qualit\u00e4ten zu liefern, ohne diese Matten selbst vorr\u00e4tig zu haben. Wir liefern Coupons zusammen mit bestehenden Bestellungen oder direkt \u00fcber UPS.","breadcrumb":{"@id":"https:\/\/rinos.com\/de\/coupons-service-ohne-vorrat\/#breadcrumb"},"inLanguage":"de","potentialAction":[{"@type":"ReadAction","target":["https:\/\/rinos.com\/de\/coupons-service-ohne-vorrat\/"]}]},{"@type":"ImageObject","inLanguage":"de","@id":"https:\/\/rinos.com\/de\/coupons-service-ohne-vorrat\/#primaryimage","url":"\/wp-content\/uploads\/2023\/02\/coupage_header-2.webp","contentUrl":"\/wp-content\/uploads\/2023\/02\/coupage_header-2.webp","width":2500,"height":888},{"@type":"BreadcrumbList","@id":"https:\/\/rinos.com\/de\/coupons-service-ohne-vorrat\/#breadcrumb","itemListElement":[{"@type":"ListItem","position":1,"name":"Home","item":"https:\/\/rinos.com\/de\/"},{"@type":"ListItem","position":2,"name":"Coupons: Service ohne Vorrat"}]},{"@type":"WebSite","@id":"https:\/\/rinos.com\/de\/#website","url":"https:\/\/rinos.com\/de\/","name":"Rinos","description":"Specialist manufacturer of entrance matting","potentialAction":[{"@type":"SearchAction","target":{"@type":"EntryPoint","urlTemplate":"https:\/\/rinos.com\/de\/search\/{search_term_string}"},"query-input":{"@type":"PropertyValueSpecification","valueRequired":true,"valueName":"search_term_string"}}],"inLanguage":"de"}]}},"_links":{"self":[{"href":"https:\/\/rinos.com\/de\/wp-json\/wp\/v2\/pages\/7482","targetHints":{"allow":["GET"]}}],"collection":[{"href":"https:\/\/rinos.com\/de\/wp-json\/wp\/v2\/pages"}],"about":[{"href":"https:\/\/rinos.com\/de\/wp-json\/wp\/v2\/types\/page"}],"author":[{"embeddable":true,"href":"https:\/\/rinos.com\/de\/wp-json\/wp\/v2\/users\/2"}],"replies":[{"embeddable":true,"href":"https:\/\/rinos.com\/de\/wp-json\/wp\/v2\/comments?post=7482"}],"version-history":[{"count":12,"href":"https:\/\/rinos.com\/de\/wp-json\/wp\/v2\/pages\/7482\/revisions"}],"predecessor-version":[{"id":9238,"href":"https:\/\/rinos.com\/de\/wp-json\/wp\/v2\/pages\/7482\/revisions\/9238"}],"wp:featuredmedia":[{"embeddable":true,"href":"https:\/\/rinos.com\/de\/wp-json\/wp\/v2\/media\/7437"}],"wp:attachment":[{"href":"https:\/\/rinos.com\/de\/wp-json\/wp\/v2\/media?parent=7482"}],"curies":[{"name":"wp","href":"https:\/\/api.w.org\/{rel}","templated":true}]}}