{"id":7202,"date":"2022-07-15T13:43:13","date_gmt":"2022-07-15T11:43:13","guid":{"rendered":"https:\/\/rinos.com\/entree-tapijttegels\/"},"modified":"2025-04-15T09:36:31","modified_gmt":"2025-04-15T07:36:31","slug":"sauberlauf-teppichfliesen","status":"publish","type":"page","link":"https:\/\/rinos.com\/de\/sauberlauf-teppichfliesen\/","title":{"rendered":"Sauberlauf Teppichfliesen"},"content":{"rendered":"\n<p><\/p>\n\n\n\n<p><\/p>\n","protected":false},"excerpt":{"rendered":"","protected":false},"author":2,"featured_media":7054,"parent":0,"menu_order":0,"comment_status":"closed","ping_status":"closed","template":"","meta":{"_acf_changed":false,"footnotes":""},"class_list":["post-7202","page","type-page","status-publish","has-post-thumbnail","hentry"],"acf":[],"yoast_head":"<!-- This site is optimized with the Yoast SEO plugin v27.1.1 - https:\/\/yoast.com\/product\/yoast-seo-wordpress\/ -->\n<title>Unsere Kollektion Sauberlauf Teppichfliesen | Rinos<\/title>\n<meta name=\"description\" content=\"Teppichfliesen stellen aus mehreren Gr\u00fcnden eine Bereicherung f\u00fcr das Schmutzfangsortiment unserer Kunden dar. Sie erf\u00fcllen beispielsweise die Nachfrage nach flexiblen L\u00f6sungen, mit denen Zeit und Kosten gespart werden k\u00f6nnen.\" \/>\n<meta name=\"robots\" content=\"index, follow, max-snippet:-1, max-image-preview:large, max-video-preview:-1\" \/>\n<link rel=\"canonical\" href=\"https:\/\/rinos.com\/de\/sauberlauf-teppichfliesen\/\" \/>\n<meta property=\"og:locale\" content=\"de_DE\" \/>\n<meta property=\"og:type\" content=\"article\" \/>\n<meta property=\"og:title\" content=\"Unsere Kollektion Sauberlauf Teppichfliesen | Rinos\" \/>\n<meta property=\"og:description\" content=\"Teppichfliesen stellen aus mehreren Gr\u00fcnden eine Bereicherung f\u00fcr das Schmutzfangsortiment unserer Kunden dar. Sie erf\u00fcllen beispielsweise die Nachfrage nach flexiblen L\u00f6sungen, mit denen Zeit und Kosten gespart werden k\u00f6nnen.\" \/>\n<meta property=\"og:url\" content=\"https:\/\/rinos.com\/de\/sauberlauf-teppichfliesen\/\" \/>\n<meta property=\"og:site_name\" content=\"Rinos\" \/>\n<meta property=\"article:modified_time\" content=\"2025-04-15T07:36:31+00:00\" \/>\n<meta property=\"og:image\" content=\"https:\/\/rinos.com\/wp-content\/uploads\/2022\/07\/DSC_9058-delta-tegel-grijs-checkerboard-V-1.jpg\" \/>\n\t<meta property=\"og:image:width\" content=\"2500\" \/>\n\t<meta property=\"og:image:height\" content=\"888\" \/>\n\t<meta property=\"og:image:type\" content=\"image\/jpeg\" \/>\n<meta name=\"twitter:card\" content=\"summary_large_image\" \/>\n<meta name=\"twitter:label1\" content=\"Gesch\u00e4tzte Lesezeit\" \/>\n\t<meta name=\"twitter:data1\" content=\"1\u00a0Minute\" \/>\n<script type=\"application\/ld+json\" class=\"yoast-schema-graph\">{\"@context\":\"https:\/\/schema.org\",\"@graph\":[{\"@type\":\"WebPage\",\"@id\":\"https:\/\/rinos.com\/de\/sauberlauf-teppichfliesen\/\",\"url\":\"https:\/\/rinos.com\/de\/sauberlauf-teppichfliesen\/\",\"name\":\"Unsere Kollektion Sauberlauf Teppichfliesen | Rinos\",\"isPartOf\":{\"@id\":\"https:\/\/rinos.com\/de\/#website\"},\"primaryImageOfPage\":{\"@id\":\"https:\/\/rinos.com\/de\/sauberlauf-teppichfliesen\/#primaryimage\"},\"image\":{\"@id\":\"https:\/\/rinos.com\/de\/sauberlauf-teppichfliesen\/#primaryimage\"},\"thumbnailUrl\":\"\/wp-content\/uploads\/2022\/07\/DSC_9058-delta-tegel-grijs-checkerboard-V-1.jpg\",\"datePublished\":\"2022-07-15T11:43:13+00:00\",\"dateModified\":\"2025-04-15T07:36:31+00:00\",\"description\":\"Teppichfliesen stellen aus mehreren Gr\u00fcnden eine Bereicherung f\u00fcr das Schmutzfangsortiment unserer Kunden dar. Sie erf\u00fcllen beispielsweise die Nachfrage nach flexiblen L\u00f6sungen, mit denen Zeit und Kosten gespart werden k\u00f6nnen.\",\"breadcrumb\":{\"@id\":\"https:\/\/rinos.com\/de\/sauberlauf-teppichfliesen\/#breadcrumb\"},\"inLanguage\":\"de\",\"potentialAction\":[{\"@type\":\"ReadAction\",\"target\":[\"https:\/\/rinos.com\/de\/sauberlauf-teppichfliesen\/\"]}]},{\"@type\":\"ImageObject\",\"inLanguage\":\"de\",\"@id\":\"https:\/\/rinos.com\/de\/sauberlauf-teppichfliesen\/#primaryimage\",\"url\":\"\/wp-content\/uploads\/2022\/07\/DSC_9058-delta-tegel-grijs-checkerboard-V-1.jpg\",\"contentUrl\":\"\/wp-content\/uploads\/2022\/07\/DSC_9058-delta-tegel-grijs-checkerboard-V-1.jpg\",\"width\":2500,\"height\":888},{\"@type\":\"BreadcrumbList\",\"@id\":\"https:\/\/rinos.com\/de\/sauberlauf-teppichfliesen\/#breadcrumb\",\"itemListElement\":[{\"@type\":\"ListItem\",\"position\":1,\"name\":\"Home\",\"item\":\"https:\/\/rinos.com\/de\/\"},{\"@type\":\"ListItem\",\"position\":2,\"name\":\"Sauberlauf Teppichfliesen\"}]},{\"@type\":\"WebSite\",\"@id\":\"https:\/\/rinos.com\/de\/#website\",\"url\":\"https:\/\/rinos.com\/de\/\",\"name\":\"Rinos\",\"description\":\"Specialist manufacturer of entrance matting\",\"potentialAction\":[{\"@type\":\"SearchAction\",\"target\":{\"@type\":\"EntryPoint\",\"urlTemplate\":\"https:\/\/rinos.com\/de\/search\/{search_term_string}\"},\"query-input\":{\"@type\":\"PropertyValueSpecification\",\"valueRequired\":true,\"valueName\":\"search_term_string\"}}],\"inLanguage\":\"de\"}]}<\/script>\n<!-- \/ Yoast SEO plugin. -->","yoast_head_json":{"title":"Unsere Kollektion Sauberlauf Teppichfliesen | Rinos","description":"Teppichfliesen stellen aus mehreren Gr\u00fcnden eine Bereicherung f\u00fcr das Schmutzfangsortiment unserer Kunden dar. Sie erf\u00fcllen beispielsweise die Nachfrage nach flexiblen L\u00f6sungen, mit denen Zeit und Kosten gespart werden k\u00f6nnen.","robots":{"index":"index","follow":"follow","max-snippet":"max-snippet:-1","max-image-preview":"max-image-preview:large","max-video-preview":"max-video-preview:-1"},"canonical":"https:\/\/rinos.com\/de\/sauberlauf-teppichfliesen\/","og_locale":"de_DE","og_type":"article","og_title":"Unsere Kollektion Sauberlauf Teppichfliesen | Rinos","og_description":"Teppichfliesen stellen aus mehreren Gr\u00fcnden eine Bereicherung f\u00fcr das Schmutzfangsortiment unserer Kunden dar. Sie erf\u00fcllen beispielsweise die Nachfrage nach flexiblen L\u00f6sungen, mit denen Zeit und Kosten gespart werden k\u00f6nnen.","og_url":"https:\/\/rinos.com\/de\/sauberlauf-teppichfliesen\/","og_site_name":"Rinos","article_modified_time":"2025-04-15T07:36:31+00:00","og_image":[{"width":2500,"height":888,"url":"https:\/\/rinos.com\/wp-content\/uploads\/2022\/07\/DSC_9058-delta-tegel-grijs-checkerboard-V-1.jpg","type":"image\/jpeg"}],"twitter_card":"summary_large_image","twitter_misc":{"Gesch\u00e4tzte Lesezeit":"1\u00a0Minute"},"schema":{"@context":"https:\/\/schema.org","@graph":[{"@type":"WebPage","@id":"https:\/\/rinos.com\/de\/sauberlauf-teppichfliesen\/","url":"https:\/\/rinos.com\/de\/sauberlauf-teppichfliesen\/","name":"Unsere Kollektion Sauberlauf Teppichfliesen | Rinos","isPartOf":{"@id":"https:\/\/rinos.com\/de\/#website"},"primaryImageOfPage":{"@id":"https:\/\/rinos.com\/de\/sauberlauf-teppichfliesen\/#primaryimage"},"image":{"@id":"https:\/\/rinos.com\/de\/sauberlauf-teppichfliesen\/#primaryimage"},"thumbnailUrl":"\/wp-content\/uploads\/2022\/07\/DSC_9058-delta-tegel-grijs-checkerboard-V-1.jpg","datePublished":"2022-07-15T11:43:13+00:00","dateModified":"2025-04-15T07:36:31+00:00","description":"Teppichfliesen stellen aus mehreren Gr\u00fcnden eine Bereicherung f\u00fcr das Schmutzfangsortiment unserer Kunden dar. Sie erf\u00fcllen beispielsweise die Nachfrage nach flexiblen L\u00f6sungen, mit denen Zeit und Kosten gespart werden k\u00f6nnen.","breadcrumb":{"@id":"https:\/\/rinos.com\/de\/sauberlauf-teppichfliesen\/#breadcrumb"},"inLanguage":"de","potentialAction":[{"@type":"ReadAction","target":["https:\/\/rinos.com\/de\/sauberlauf-teppichfliesen\/"]}]},{"@type":"ImageObject","inLanguage":"de","@id":"https:\/\/rinos.com\/de\/sauberlauf-teppichfliesen\/#primaryimage","url":"\/wp-content\/uploads\/2022\/07\/DSC_9058-delta-tegel-grijs-checkerboard-V-1.jpg","contentUrl":"\/wp-content\/uploads\/2022\/07\/DSC_9058-delta-tegel-grijs-checkerboard-V-1.jpg","width":2500,"height":888},{"@type":"BreadcrumbList","@id":"https:\/\/rinos.com\/de\/sauberlauf-teppichfliesen\/#breadcrumb","itemListElement":[{"@type":"ListItem","position":1,"name":"Home","item":"https:\/\/rinos.com\/de\/"},{"@type":"ListItem","position":2,"name":"Sauberlauf Teppichfliesen"}]},{"@type":"WebSite","@id":"https:\/\/rinos.com\/de\/#website","url":"https:\/\/rinos.com\/de\/","name":"Rinos","description":"Specialist manufacturer of entrance matting","potentialAction":[{"@type":"SearchAction","target":{"@type":"EntryPoint","urlTemplate":"https:\/\/rinos.com\/de\/search\/{search_term_string}"},"query-input":{"@type":"PropertyValueSpecification","valueRequired":true,"valueName":"search_term_string"}}],"inLanguage":"de"}]}},"_links":{"self":[{"href":"https:\/\/rinos.com\/de\/wp-json\/wp\/v2\/pages\/7202","targetHints":{"allow":["GET"]}}],"collection":[{"href":"https:\/\/rinos.com\/de\/wp-json\/wp\/v2\/pages"}],"about":[{"href":"https:\/\/rinos.com\/de\/wp-json\/wp\/v2\/types\/page"}],"author":[{"embeddable":true,"href":"https:\/\/rinos.com\/de\/wp-json\/wp\/v2\/users\/2"}],"replies":[{"embeddable":true,"href":"https:\/\/rinos.com\/de\/wp-json\/wp\/v2\/comments?post=7202"}],"version-history":[{"count":6,"href":"https:\/\/rinos.com\/de\/wp-json\/wp\/v2\/pages\/7202\/revisions"}],"predecessor-version":[{"id":9180,"href":"https:\/\/rinos.com\/de\/wp-json\/wp\/v2\/pages\/7202\/revisions\/9180"}],"wp:featuredmedia":[{"embeddable":true,"href":"https:\/\/rinos.com\/de\/wp-json\/wp\/v2\/media\/7054"}],"wp:attachment":[{"href":"https:\/\/rinos.com\/de\/wp-json\/wp\/v2\/media?parent=7202"}],"curies":[{"name":"wp","href":"https:\/\/api.w.org\/{rel}","templated":true}]}}