{"id":5694,"date":"2021-05-24T12:40:02","date_gmt":"2021-05-24T09:40:02","guid":{"rendered":"https:\/\/rinos.kieslinghosting.nl\/products\/"},"modified":"2024-10-11T10:35:27","modified_gmt":"2024-10-11T08:35:27","slug":"products","status":"publish","type":"page","link":"https:\/\/rinos.com\/de\/products\/","title":{"rendered":"Unsere Kollektion an Eingangsmatten"},"content":{"rendered":"\n<p>Als spezialisierter Hersteller von Schmutzfang- und Kokosmatten bietet Rinos f\u00fcr jeden Standort und jede Situation die passende Matte. Entdecken Sie jetzt unsere gesamte Kollektion. Die Mattenmatrix hilft Ihnen, die richtige Wahl zu treffen.<\/p>\n","protected":false},"excerpt":{"rendered":"<p>Als spezialisierter Hersteller von Schmutzfang- und Kokosmatten bietet Rinos f\u00fcr jeden Standort und jede Situation die passende Matte. Entdecken Sie jetzt unsere gesamte Kollektion. Die Mattenmatrix hilft Ihnen, die richtige Wahl zu treffen.<\/p>\n","protected":false},"author":1,"featured_media":4903,"parent":0,"menu_order":0,"comment_status":"closed","ping_status":"closed","template":"views\/template-products.blade.php","meta":{"_acf_changed":false,"footnotes":""},"class_list":["post-5694","page","type-page","status-publish","has-post-thumbnail","hentry"],"acf":[],"yoast_head":"<!-- This site is optimized with the Yoast SEO plugin v27.1.1 - https:\/\/yoast.com\/product\/yoast-seo-wordpress\/ -->\n<title>Unsere Schmutzfang- und Kokosmatten-Kollektion | Rinos<\/title>\n<meta name=\"description\" content=\"Rinos produziert und liefert saugf\u00e4hige Schmutzfangmatten, b\u00fcrstende Matten und Au\u00dfenmatten f\u00fcr Eing\u00e4nge mit hoher und mittlerer Laufbelastung.\" \/>\n<meta name=\"robots\" content=\"index, follow, max-snippet:-1, max-image-preview:large, max-video-preview:-1\" \/>\n<link rel=\"canonical\" href=\"https:\/\/rinos.com\/de\/products\/\" \/>\n<meta property=\"og:locale\" content=\"de_DE\" \/>\n<meta property=\"og:type\" content=\"article\" \/>\n<meta property=\"og:title\" content=\"Unsere Schmutzfang- und Kokosmatten-Kollektion | Rinos\" \/>\n<meta property=\"og:description\" content=\"Rinos produziert und liefert saugf\u00e4hige Schmutzfangmatten, b\u00fcrstende Matten und Au\u00dfenmatten f\u00fcr Eing\u00e4nge mit hoher und mittlerer Laufbelastung.\" \/>\n<meta property=\"og:url\" content=\"https:\/\/rinos.com\/de\/products\/\" \/>\n<meta property=\"og:site_name\" content=\"Rinos\" \/>\n<meta property=\"article:modified_time\" content=\"2024-10-11T08:35:27+00:00\" \/>\n<meta property=\"og:image\" content=\"https:\/\/rinos.com\/wp-content\/uploads\/2021\/10\/Rinos_header_producten_nubia.jpg\" \/>\n\t<meta property=\"og:image:width\" content=\"2500\" \/>\n\t<meta property=\"og:image:height\" content=\"888\" \/>\n\t<meta property=\"og:image:type\" content=\"image\/jpeg\" \/>\n<meta name=\"twitter:card\" content=\"summary_large_image\" \/>\n<meta name=\"twitter:label1\" content=\"Gesch\u00e4tzte Lesezeit\" \/>\n\t<meta name=\"twitter:data1\" content=\"1\u00a0Minute\" \/>\n<script type=\"application\/ld+json\" class=\"yoast-schema-graph\">{\"@context\":\"https:\/\/schema.org\",\"@graph\":[{\"@type\":\"WebPage\",\"@id\":\"https:\/\/rinos.com\/de\/products\/\",\"url\":\"https:\/\/rinos.com\/de\/products\/\",\"name\":\"Unsere Schmutzfang- und Kokosmatten-Kollektion | Rinos\",\"isPartOf\":{\"@id\":\"https:\/\/rinos.com\/de\/#website\"},\"primaryImageOfPage\":{\"@id\":\"https:\/\/rinos.com\/de\/products\/#primaryimage\"},\"image\":{\"@id\":\"https:\/\/rinos.com\/de\/products\/#primaryimage\"},\"thumbnailUrl\":\"\/wp-content\/uploads\/2021\/10\/Rinos_header_producten_nubia.jpg\",\"datePublished\":\"2021-05-24T09:40:02+00:00\",\"dateModified\":\"2024-10-11T08:35:27+00:00\",\"description\":\"Rinos produziert und liefert saugf\u00e4hige Schmutzfangmatten, b\u00fcrstende Matten und Au\u00dfenmatten f\u00fcr Eing\u00e4nge mit hoher und mittlerer Laufbelastung.\",\"breadcrumb\":{\"@id\":\"https:\/\/rinos.com\/de\/products\/#breadcrumb\"},\"inLanguage\":\"de\",\"potentialAction\":[{\"@type\":\"ReadAction\",\"target\":[\"https:\/\/rinos.com\/de\/products\/\"]}]},{\"@type\":\"ImageObject\",\"inLanguage\":\"de\",\"@id\":\"https:\/\/rinos.com\/de\/products\/#primaryimage\",\"url\":\"\/wp-content\/uploads\/2021\/10\/Rinos_header_producten_nubia.jpg\",\"contentUrl\":\"\/wp-content\/uploads\/2021\/10\/Rinos_header_producten_nubia.jpg\",\"width\":2500,\"height\":888},{\"@type\":\"BreadcrumbList\",\"@id\":\"https:\/\/rinos.com\/de\/products\/#breadcrumb\",\"itemListElement\":[{\"@type\":\"ListItem\",\"position\":1,\"name\":\"Home\",\"item\":\"https:\/\/rinos.com\/de\/\"},{\"@type\":\"ListItem\",\"position\":2,\"name\":\"Unsere Kollektion an Eingangsmatten\"}]},{\"@type\":\"WebSite\",\"@id\":\"https:\/\/rinos.com\/de\/#website\",\"url\":\"https:\/\/rinos.com\/de\/\",\"name\":\"Rinos\",\"description\":\"Specialist manufacturer of entrance matting\",\"potentialAction\":[{\"@type\":\"SearchAction\",\"target\":{\"@type\":\"EntryPoint\",\"urlTemplate\":\"https:\/\/rinos.com\/de\/search\/{search_term_string}\"},\"query-input\":{\"@type\":\"PropertyValueSpecification\",\"valueRequired\":true,\"valueName\":\"search_term_string\"}}],\"inLanguage\":\"de\"}]}<\/script>\n<!-- \/ Yoast SEO plugin. -->","yoast_head_json":{"title":"Unsere Schmutzfang- und Kokosmatten-Kollektion | Rinos","description":"Rinos produziert und liefert saugf\u00e4hige Schmutzfangmatten, b\u00fcrstende Matten und Au\u00dfenmatten f\u00fcr Eing\u00e4nge mit hoher und mittlerer Laufbelastung.","robots":{"index":"index","follow":"follow","max-snippet":"max-snippet:-1","max-image-preview":"max-image-preview:large","max-video-preview":"max-video-preview:-1"},"canonical":"https:\/\/rinos.com\/de\/products\/","og_locale":"de_DE","og_type":"article","og_title":"Unsere Schmutzfang- und Kokosmatten-Kollektion | Rinos","og_description":"Rinos produziert und liefert saugf\u00e4hige Schmutzfangmatten, b\u00fcrstende Matten und Au\u00dfenmatten f\u00fcr Eing\u00e4nge mit hoher und mittlerer Laufbelastung.","og_url":"https:\/\/rinos.com\/de\/products\/","og_site_name":"Rinos","article_modified_time":"2024-10-11T08:35:27+00:00","og_image":[{"width":2500,"height":888,"url":"https:\/\/rinos.com\/wp-content\/uploads\/2021\/10\/Rinos_header_producten_nubia.jpg","type":"image\/jpeg"}],"twitter_card":"summary_large_image","twitter_misc":{"Gesch\u00e4tzte Lesezeit":"1\u00a0Minute"},"schema":{"@context":"https:\/\/schema.org","@graph":[{"@type":"WebPage","@id":"https:\/\/rinos.com\/de\/products\/","url":"https:\/\/rinos.com\/de\/products\/","name":"Unsere Schmutzfang- und Kokosmatten-Kollektion | Rinos","isPartOf":{"@id":"https:\/\/rinos.com\/de\/#website"},"primaryImageOfPage":{"@id":"https:\/\/rinos.com\/de\/products\/#primaryimage"},"image":{"@id":"https:\/\/rinos.com\/de\/products\/#primaryimage"},"thumbnailUrl":"\/wp-content\/uploads\/2021\/10\/Rinos_header_producten_nubia.jpg","datePublished":"2021-05-24T09:40:02+00:00","dateModified":"2024-10-11T08:35:27+00:00","description":"Rinos produziert und liefert saugf\u00e4hige Schmutzfangmatten, b\u00fcrstende Matten und Au\u00dfenmatten f\u00fcr Eing\u00e4nge mit hoher und mittlerer Laufbelastung.","breadcrumb":{"@id":"https:\/\/rinos.com\/de\/products\/#breadcrumb"},"inLanguage":"de","potentialAction":[{"@type":"ReadAction","target":["https:\/\/rinos.com\/de\/products\/"]}]},{"@type":"ImageObject","inLanguage":"de","@id":"https:\/\/rinos.com\/de\/products\/#primaryimage","url":"\/wp-content\/uploads\/2021\/10\/Rinos_header_producten_nubia.jpg","contentUrl":"\/wp-content\/uploads\/2021\/10\/Rinos_header_producten_nubia.jpg","width":2500,"height":888},{"@type":"BreadcrumbList","@id":"https:\/\/rinos.com\/de\/products\/#breadcrumb","itemListElement":[{"@type":"ListItem","position":1,"name":"Home","item":"https:\/\/rinos.com\/de\/"},{"@type":"ListItem","position":2,"name":"Unsere Kollektion an Eingangsmatten"}]},{"@type":"WebSite","@id":"https:\/\/rinos.com\/de\/#website","url":"https:\/\/rinos.com\/de\/","name":"Rinos","description":"Specialist manufacturer of entrance matting","potentialAction":[{"@type":"SearchAction","target":{"@type":"EntryPoint","urlTemplate":"https:\/\/rinos.com\/de\/search\/{search_term_string}"},"query-input":{"@type":"PropertyValueSpecification","valueRequired":true,"valueName":"search_term_string"}}],"inLanguage":"de"}]}},"_links":{"self":[{"href":"https:\/\/rinos.com\/de\/wp-json\/wp\/v2\/pages\/5694","targetHints":{"allow":["GET"]}}],"collection":[{"href":"https:\/\/rinos.com\/de\/wp-json\/wp\/v2\/pages"}],"about":[{"href":"https:\/\/rinos.com\/de\/wp-json\/wp\/v2\/types\/page"}],"author":[{"embeddable":true,"href":"https:\/\/rinos.com\/de\/wp-json\/wp\/v2\/users\/1"}],"replies":[{"embeddable":true,"href":"https:\/\/rinos.com\/de\/wp-json\/wp\/v2\/comments?post=5694"}],"version-history":[{"count":4,"href":"https:\/\/rinos.com\/de\/wp-json\/wp\/v2\/pages\/5694\/revisions"}],"predecessor-version":[{"id":6242,"href":"https:\/\/rinos.com\/de\/wp-json\/wp\/v2\/pages\/5694\/revisions\/6242"}],"wp:featuredmedia":[{"embeddable":true,"href":"https:\/\/rinos.com\/de\/wp-json\/wp\/v2\/media\/4903"}],"wp:attachment":[{"href":"https:\/\/rinos.com\/de\/wp-json\/wp\/v2\/media?parent=5694"}],"curies":[{"name":"wp","href":"https:\/\/api.w.org\/{rel}","templated":true}]}}