{"id":5645,"date":"2021-06-04T12:08:58","date_gmt":"2021-06-04T10:08:58","guid":{"rendered":"https:\/\/rinos.kieslinghosting.nl\/home\/"},"modified":"2025-03-14T11:00:51","modified_gmt":"2025-03-14T10:00:51","slug":"home","status":"publish","type":"page","link":"https:\/\/rinos.com\/de\/","title":{"rendered":"Home"},"content":{"rendered":"","protected":false},"excerpt":{"rendered":"","protected":false},"author":1,"featured_media":0,"parent":0,"menu_order":0,"comment_status":"closed","ping_status":"closed","template":"","meta":{"_acf_changed":false,"footnotes":""},"class_list":["post-5645","page","type-page","status-publish","hentry"],"acf":[],"yoast_head":"<!-- This site is optimized with the Yoast SEO plugin v27.1.1 - https:\/\/yoast.com\/product\/yoast-seo-wordpress\/ -->\n<title>Spezialisierter Hersteller von Sauberlauf- und Kokosmatten | Rinos<\/title>\n<meta name=\"description\" content=\"Rinos produziert und liefert Sauberlaufmatten an Gro\u00dfh\u00e4ndler, Distributoren und A-Marken-Teppichlabels f\u00fcr den Vertrieb unter ihrem eigenen Label f\u00fcr den gewerblichen Einsatz.\" \/>\n<meta name=\"robots\" content=\"index, follow, max-snippet:-1, max-image-preview:large, max-video-preview:-1\" \/>\n<link rel=\"canonical\" href=\"https:\/\/rinos.com\/de\/\" \/>\n<meta property=\"og:locale\" content=\"de_DE\" \/>\n<meta property=\"og:type\" content=\"article\" \/>\n<meta property=\"og:title\" content=\"Spezialisierter Hersteller von Sauberlauf- und Kokosmatten | Rinos\" \/>\n<meta property=\"og:description\" content=\"Rinos produziert und liefert Sauberlaufmatten an Gro\u00dfh\u00e4ndler, Distributoren und A-Marken-Teppichlabels f\u00fcr den Vertrieb unter ihrem eigenen Label f\u00fcr den gewerblichen Einsatz.\" \/>\n<meta property=\"og:url\" content=\"https:\/\/rinos.com\/de\/\" \/>\n<meta property=\"og:site_name\" content=\"Rinos\" \/>\n<meta property=\"article:modified_time\" content=\"2025-03-14T10:00:51+00:00\" \/>\n<meta name=\"twitter:card\" content=\"summary_large_image\" \/>\n<script type=\"application\/ld+json\" class=\"yoast-schema-graph\">{\"@context\":\"https:\/\/schema.org\",\"@graph\":[{\"@type\":\"WebPage\",\"@id\":\"https:\/\/rinos.com\/de\/\",\"url\":\"https:\/\/rinos.com\/de\/\",\"name\":\"Spezialisierter Hersteller von Sauberlauf- und Kokosmatten | Rinos\",\"isPartOf\":{\"@id\":\"https:\/\/rinos.com\/de\/#website\"},\"datePublished\":\"2021-06-04T10:08:58+00:00\",\"dateModified\":\"2025-03-14T10:00:51+00:00\",\"description\":\"Rinos produziert und liefert Sauberlaufmatten an Gro\u00dfh\u00e4ndler, Distributoren und A-Marken-Teppichlabels f\u00fcr den Vertrieb unter ihrem eigenen Label f\u00fcr den gewerblichen Einsatz.\",\"breadcrumb\":{\"@id\":\"https:\/\/rinos.com\/de\/#breadcrumb\"},\"inLanguage\":\"de\",\"potentialAction\":[{\"@type\":\"ReadAction\",\"target\":[\"https:\/\/rinos.com\/de\/\"]}]},{\"@type\":\"BreadcrumbList\",\"@id\":\"https:\/\/rinos.com\/de\/#breadcrumb\",\"itemListElement\":[{\"@type\":\"ListItem\",\"position\":1,\"name\":\"Home\",\"item\":\"https:\/\/rinos.com\/de\/\"},{\"@type\":\"ListItem\",\"position\":2,\"name\":\"Home\"}]},{\"@type\":\"WebSite\",\"@id\":\"https:\/\/rinos.com\/de\/#website\",\"url\":\"https:\/\/rinos.com\/de\/\",\"name\":\"Rinos\",\"description\":\"Specialist manufacturer of entrance matting\",\"potentialAction\":[{\"@type\":\"SearchAction\",\"target\":{\"@type\":\"EntryPoint\",\"urlTemplate\":\"https:\/\/rinos.com\/de\/search\/{search_term_string}\"},\"query-input\":{\"@type\":\"PropertyValueSpecification\",\"valueRequired\":true,\"valueName\":\"search_term_string\"}}],\"inLanguage\":\"de\"}]}<\/script>\n<!-- \/ Yoast SEO plugin. -->","yoast_head_json":{"title":"Spezialisierter Hersteller von Sauberlauf- und Kokosmatten | Rinos","description":"Rinos produziert und liefert Sauberlaufmatten an Gro\u00dfh\u00e4ndler, Distributoren und A-Marken-Teppichlabels f\u00fcr den Vertrieb unter ihrem eigenen Label f\u00fcr den gewerblichen Einsatz.","robots":{"index":"index","follow":"follow","max-snippet":"max-snippet:-1","max-image-preview":"max-image-preview:large","max-video-preview":"max-video-preview:-1"},"canonical":"https:\/\/rinos.com\/de\/","og_locale":"de_DE","og_type":"article","og_title":"Spezialisierter Hersteller von Sauberlauf- und Kokosmatten | Rinos","og_description":"Rinos produziert und liefert Sauberlaufmatten an Gro\u00dfh\u00e4ndler, Distributoren und A-Marken-Teppichlabels f\u00fcr den Vertrieb unter ihrem eigenen Label f\u00fcr den gewerblichen Einsatz.","og_url":"https:\/\/rinos.com\/de\/","og_site_name":"Rinos","article_modified_time":"2025-03-14T10:00:51+00:00","twitter_card":"summary_large_image","schema":{"@context":"https:\/\/schema.org","@graph":[{"@type":"WebPage","@id":"https:\/\/rinos.com\/de\/","url":"https:\/\/rinos.com\/de\/","name":"Spezialisierter Hersteller von Sauberlauf- und Kokosmatten | Rinos","isPartOf":{"@id":"https:\/\/rinos.com\/de\/#website"},"datePublished":"2021-06-04T10:08:58+00:00","dateModified":"2025-03-14T10:00:51+00:00","description":"Rinos produziert und liefert Sauberlaufmatten an Gro\u00dfh\u00e4ndler, Distributoren und A-Marken-Teppichlabels f\u00fcr den Vertrieb unter ihrem eigenen Label f\u00fcr den gewerblichen Einsatz.","breadcrumb":{"@id":"https:\/\/rinos.com\/de\/#breadcrumb"},"inLanguage":"de","potentialAction":[{"@type":"ReadAction","target":["https:\/\/rinos.com\/de\/"]}]},{"@type":"BreadcrumbList","@id":"https:\/\/rinos.com\/de\/#breadcrumb","itemListElement":[{"@type":"ListItem","position":1,"name":"Home","item":"https:\/\/rinos.com\/de\/"},{"@type":"ListItem","position":2,"name":"Home"}]},{"@type":"WebSite","@id":"https:\/\/rinos.com\/de\/#website","url":"https:\/\/rinos.com\/de\/","name":"Rinos","description":"Specialist manufacturer of entrance matting","potentialAction":[{"@type":"SearchAction","target":{"@type":"EntryPoint","urlTemplate":"https:\/\/rinos.com\/de\/search\/{search_term_string}"},"query-input":{"@type":"PropertyValueSpecification","valueRequired":true,"valueName":"search_term_string"}}],"inLanguage":"de"}]}},"_links":{"self":[{"href":"https:\/\/rinos.com\/de\/wp-json\/wp\/v2\/pages\/5645","targetHints":{"allow":["GET"]}}],"collection":[{"href":"https:\/\/rinos.com\/de\/wp-json\/wp\/v2\/pages"}],"about":[{"href":"https:\/\/rinos.com\/de\/wp-json\/wp\/v2\/types\/page"}],"author":[{"embeddable":true,"href":"https:\/\/rinos.com\/de\/wp-json\/wp\/v2\/users\/1"}],"replies":[{"embeddable":true,"href":"https:\/\/rinos.com\/de\/wp-json\/wp\/v2\/comments?post=5645"}],"version-history":[{"count":10,"href":"https:\/\/rinos.com\/de\/wp-json\/wp\/v2\/pages\/5645\/revisions"}],"predecessor-version":[{"id":8741,"href":"https:\/\/rinos.com\/de\/wp-json\/wp\/v2\/pages\/5645\/revisions\/8741"}],"wp:attachment":[{"href":"https:\/\/rinos.com\/de\/wp-json\/wp\/v2\/media?parent=5645"}],"curies":[{"name":"wp","href":"https:\/\/api.w.org\/{rel}","templated":true}]}}